{"id":706,"date":"2024-12-14T16:25:45","date_gmt":"2024-12-14T19:25:45","guid":{"rendered":"http:\/\/prosegengenharia.com\/?post_type=product&#038;p=706"},"modified":"2025-11-23T14:57:20","modified_gmt":"2025-11-23T17:57:20","slug":"oculos-policarb-anti-risco-danny-aguia-incolor","status":"publish","type":"product","link":"http:\/\/prosegengenharia.com\/?product=oculos-policarb-anti-risco-danny-aguia-incolor","title":{"rendered":"\u00d3culos Policarb Anti-Risco Danny \u00c1guia Incolor"},"content":{"rendered":"","protected":false},"excerpt":{"rendered":"<p><b>CA: 14990<\/b><\/p>\n<p><b> \u00d3culos Policarb Anti-Risco Danny \u00c1guia Incolor <\/b><\/p>\n<p><b>DESCRI\u00c7\u00c3O T\u00c9CNICA ESPEC\u00cdFICA: <\/b> Caracter\u00edsticas da \u00d3culos Policarb Anti-Risco Danny \u00c1guia Incolor:<br \/>\n\u2022 Tratamento anti-risco e antiemba\u00e7ante<br \/>\n\u2022 Lente curva, leve e resistente<br \/>\n\u2022 Haste tipo esp\u00e1tula male\u00e1vel<br \/>\n\u2022 Excelente custo-benef\u00edcio<\/p>\n<p><b>SUGEST\u00d5ES DE USO<\/b> Aplica\u00e7\u00f5es da \u00d3culos Policarb Anti-Risco Danny \u00c1guia Incolor:<br \/>\n\u2022 Prote\u00e7\u00e3o dos olhos contra impactos de part\u00edculas volantes<br \/>\n\u2022 Ind\u00fastrias em geral (automobil\u00edstica, metalmec\u00e2nica, petroqu\u00edmica, agroind\u00fastria, constru\u00e7\u00e3o civil)<br \/>\n\u2022 Trabalhos a c\u00e9u aberto<br \/>\n\u2022 Radia\u00e7\u00e3o ultravioleta<\/p>\n<p>Tamanho: \u00fanico<br \/>\nModelo: DA14700IN 00 IN<br \/>\nCor (Consulte disponibilidade): incolor<br \/>\nMarca: DANNY<\/p>\n<p><b>DESCRI\u00c7\u00c3O CATEGORIA:<\/b> Trabalha em um ambiente industrial e se preocupa com a seguran\u00e7a dos seus olhos? O \u00d3culos Policarb Anti-Risco Danny Aguia Incolor \u00e9 a solu\u00e7\u00e3o ideal para ind\u00fastrias em geral, como automobil\u00edstica, metalmec\u00e2nica, petroqu\u00edmica, agroind\u00fastria e constru\u00e7\u00e3o civil. Com lentes curvas em policarbonato \u00f3ptico, o \u00d3culos Policarb Anti-Risco Danny \u00c1guia Incolor \u00e9 leve, resistente e confort\u00e1vel. A haste tipo esp\u00e1tula male\u00e1vel garante um ajuste perfeito ao rosto e o tratamento anti-risco e antiemba\u00e7ante garante a visibilidade em todas as situa\u00e7\u00f5es. Al\u00e9m disso, ele \u00e9 indicado para diversas aplica\u00e7\u00f5es, como prote\u00e7\u00e3o contra impactos de part\u00edculas volantes e radia\u00e7\u00e3o ultravioleta. Com excelente custo-benef\u00edcio, o \u00d3culos Policarb Anti-Risco Danny \u00c1guia Incolor \u00e9 a escolha ideal para promover maior prote\u00e7\u00e3o ao usu\u00e1rio.<\/p>\n<p>Confira outras categorias de \u00d3culos de Seguran\u00e7a! #oculosdeseguran\u00e7a #oculosdeseguran\u00e7aempolicarbonato #policarbonato #oculosDanny #Danny #EPI<\/p>\n","protected":false},"featured_media":707,"comment_status":"open","ping_status":"closed","template":"","meta":[],"product_brand":[],"product_cat":[16,69,27],"product_tag":[],"class_list":{"0":"post-706","1":"product","2":"type-product","3":"status-publish","4":"has-post-thumbnail","6":"product_cat-equipamentos-de-protecao-individual","7":"product_cat-oculos","8":"product_cat-olhos-e-face","10":"first","11":"instock","12":"sale","13":"shipping-taxable","14":"purchasable","15":"product-type-simple"},"_links":{"self":[{"href":"http:\/\/prosegengenharia.com\/index.php?rest_route=\/wp\/v2\/product\/706","targetHints":{"allow":["GET"]}}],"collection":[{"href":"http:\/\/prosegengenharia.com\/index.php?rest_route=\/wp\/v2\/product"}],"about":[{"href":"http:\/\/prosegengenharia.com\/index.php?rest_route=\/wp\/v2\/types\/product"}],"replies":[{"embeddable":true,"href":"http:\/\/prosegengenharia.com\/index.php?rest_route=%2Fwp%2Fv2%2Fcomments&post=706"}],"wp:featuredmedia":[{"embeddable":true,"href":"http:\/\/prosegengenharia.com\/index.php?rest_route=\/wp\/v2\/media\/707"}],"wp:attachment":[{"href":"http:\/\/prosegengenharia.com\/index.php?rest_route=%2Fwp%2Fv2%2Fmedia&parent=706"}],"wp:term":[{"taxonomy":"product_brand","embeddable":true,"href":"http:\/\/prosegengenharia.com\/index.php?rest_route=%2Fwp%2Fv2%2Fproduct_brand&post=706"},{"taxonomy":"product_cat","embeddable":true,"href":"http:\/\/prosegengenharia.com\/index.php?rest_route=%2Fwp%2Fv2%2Fproduct_cat&post=706"},{"taxonomy":"product_tag","embeddable":true,"href":"http:\/\/prosegengenharia.com\/index.php?rest_route=%2Fwp%2Fv2%2Fproduct_tag&post=706"}],"curies":[{"name":"wp","href":"https:\/\/api.w.org\/{rel}","templated":true}]}}