{"id":63,"date":"2024-12-05T15:53:29","date_gmt":"2024-12-05T18:53:29","guid":{"rendered":"https:\/\/prosegengenharia.com\/?post_type=product&#038;p=63"},"modified":"2025-11-23T14:56:45","modified_gmt":"2025-11-23T17:56:45","slug":"capacete-frontal-carneira-catraca-jugular-brasil-msa-vgard","status":"publish","type":"product","link":"http:\/\/prosegengenharia.com\/?product=capacete-frontal-carneira-catraca-jugular-brasil-msa-vgard","title":{"rendered":"Capacete Frontal Carneira Catraca Jugular Brasil MSA VGard"},"content":{"rendered":"<p><b>CA: 00498<\/b><\/p>\n<p><b> Capacete Frontal Carneira Catraca Jugular Brasil MSA VGard <\/b><\/p>\n<p><b>DESCRI\u00c7\u00c3O T\u00c9CNICA ESPEC\u00cdFICA: <\/b> Caracter\u00edsticas do Capacete Frontal Carneira Catraca Jugular Brasil MSA VGard:<br \/>\n\u2022 Capacete tipo aba frontal;<br \/>\n\u2022 Injetado em pl\u00e1stico, com fendas laterais (slot para acoplagem de acess\u00f3rios);<br \/>\n\u2022 Suspens\u00e3o tipo catraca &#8211; FAS TRAC;<br \/>\n\u2022 Possui jugular confeccionada em tecido;<br \/>\n\u2022 Classe A e B;<br \/>\n\u2022 Testado e aprovado pelas normas ABNT NBR 8221\/1983;<br \/>\n\u2022 Este EPI possui certifica\u00e7\u00e3o compuls\u00f3ria.<\/p>\n<p><b>SUGEST\u00d5ES DE USO<\/b> Aplica\u00e7\u00f5es do Capacete Frontal Carneira Catraca Jugular Brasil MSA VGard:<br \/>\n\u2022 Prote\u00e7\u00e3o da cabe\u00e7a do usu\u00e1rio contra impacto e penetra\u00e7\u00e3o proveniente de queda de objetos.<\/p>\n<p>Modelo: 101MJCA 00 AM Cores: Amarelo; Azul Marinho; Branco; Cinza; Laranja, Verde e Vermelho<br \/>\nMarca: MSA<\/p>\n<p><b>DESCRI\u00c7\u00c3O CATEGORIA:<\/b> Voc\u00ea j\u00e1 sentiu medo de trabalhar em um ambiente com riscos de queda de objetos? Sabemos que essa \u00e9 uma preocupa\u00e7\u00e3o constante para muitos trabalhadores, mas temos a solu\u00e7\u00e3o perfeita para garantir a sua seguran\u00e7a. O Capacete Frontal Carneira Catraca Jugular Brasil MSA VGard \u00e9 a prote\u00e7\u00e3o ideal para a sua cabe\u00e7a em locais com riscos de impacto e penetra\u00e7\u00e3o. Al\u00e9m de oferecer uma seguran\u00e7a inigual\u00e1vel, o Capacete Frontal Carneira Catraca Jugular Brasil MSA VGard possui diferenciais que o tornam ainda mais especial. Injetado em pl\u00e1stico, conta com fendas laterais que permitem a acoplagem de acess\u00f3rios de seguran\u00e7a, como protetores auriculares e viseiras. A suspens\u00e3o tipo catraca FAS TRAC garante um ajuste preciso e confort\u00e1vel ao usu\u00e1rio. E para completar, possui jugular confeccionada em tecido, proporcionando ainda mais conforto. N\u00e3o perca mais tempo e garanta agora mesmo o Capacete Frontal Carneira Catraca Jugular Brasil MSA VGard na Net Suprimentos. A sua seguran\u00e7a \u00e9 a nossa prioridade!<\/p>\n<p>Confira outras categorias de Capacete de Seguran\u00e7a! #capacetedeseguran\u00e7a #capacetedeseguran\u00e7amsa #capacetefrontalmsa #msa #capacetevgard #capacetemsa #EPI<\/p>\n","protected":false},"excerpt":{"rendered":"<p>CA: 00498 Capacete Frontal Carneira Catraca Jugular Brasil MSA VGard DESCRI\u00c7\u00c3O T\u00c9CNICA ESPEC\u00cdFICA: Caracter\u00edsticas do Capacete Frontal Carneira Catraca Jugular Brasil MSA VGard: \u2022 Capacete tipo aba frontal; \u2022 Injetado em pl\u00e1stico, com fendas laterais (slot para acoplagem de acess\u00f3rios); \u2022 Suspens\u00e3o tipo catraca &#8211; FAS TRAC; \u2022 Possui jugular confeccionada em tecido; \u2022 Classe [&hellip;]<\/p>\n","protected":false},"featured_media":64,"comment_status":"open","ping_status":"closed","template":"","meta":[],"product_brand":[],"product_cat":[26,66,16,19,18],"product_tag":[],"class_list":{"0":"post-63","1":"product","2":"type-product","3":"status-publish","4":"has-post-thumbnail","6":"product_cat-cabelos-e-cabeca","7":"product_cat-capacetes","8":"product_cat-equipamentos-de-protecao-individual","9":"product_cat-equipamentos-de-protecao-para-ambiente-de-trabalho","10":"product_cat-ferramentas-e-equipamentos-para-trabalho-em-altura","12":"first","13":"instock","14":"sale","15":"shipping-taxable","16":"purchasable","17":"product-type-simple"},"_links":{"self":[{"href":"http:\/\/prosegengenharia.com\/index.php?rest_route=\/wp\/v2\/product\/63","targetHints":{"allow":["GET"]}}],"collection":[{"href":"http:\/\/prosegengenharia.com\/index.php?rest_route=\/wp\/v2\/product"}],"about":[{"href":"http:\/\/prosegengenharia.com\/index.php?rest_route=\/wp\/v2\/types\/product"}],"replies":[{"embeddable":true,"href":"http:\/\/prosegengenharia.com\/index.php?rest_route=%2Fwp%2Fv2%2Fcomments&post=63"}],"wp:featuredmedia":[{"embeddable":true,"href":"http:\/\/prosegengenharia.com\/index.php?rest_route=\/wp\/v2\/media\/64"}],"wp:attachment":[{"href":"http:\/\/prosegengenharia.com\/index.php?rest_route=%2Fwp%2Fv2%2Fmedia&parent=63"}],"wp:term":[{"taxonomy":"product_brand","embeddable":true,"href":"http:\/\/prosegengenharia.com\/index.php?rest_route=%2Fwp%2Fv2%2Fproduct_brand&post=63"},{"taxonomy":"product_cat","embeddable":true,"href":"http:\/\/prosegengenharia.com\/index.php?rest_route=%2Fwp%2Fv2%2Fproduct_cat&post=63"},{"taxonomy":"product_tag","embeddable":true,"href":"http:\/\/prosegengenharia.com\/index.php?rest_route=%2Fwp%2Fv2%2Fproduct_tag&post=63"}],"curies":[{"name":"wp","href":"https:\/\/api.w.org\/{rel}","templated":true}]}}