{"id":828,"date":"2025-01-13T22:18:03","date_gmt":"2025-01-14T01:18:03","guid":{"rendered":"http:\/\/prosegengenharia.com\/?page_id=828"},"modified":"2025-02-03T22:26:37","modified_gmt":"2025-02-04T01:26:37","slug":"quem-somos","status":"publish","type":"page","link":"http:\/\/prosegengenharia.com\/?page_id=828","title":{"rendered":"Quem Somos"},"content":{"rendered":"\t\t<div data-elementor-type=\"wp-page\" data-elementor-id=\"828\" class=\"elementor elementor-828\" data-elementor-settings=\"{&quot;ha_cmc_init_switcher&quot;:&quot;no&quot;}\">\n\t\t\t\t<div class=\"elementor-element elementor-element-f2fe382 e-flex e-con-boxed e-con e-parent\" data-id=\"f2fe382\" data-element_type=\"container\" data-e-type=\"container\" data-settings=\"{&quot;background_background&quot;:&quot;slideshow&quot;,&quot;background_slideshow_gallery&quot;:[{&quot;id&quot;:835,&quot;url&quot;:&quot;http:\\\/\\\/prosegengenharia.com\\\/wp-content\\\/uploads\\\/2025\\\/01\\\/sobreprojeto.webp&quot;}],&quot;background_slideshow_loop&quot;:&quot;yes&quot;,&quot;background_slideshow_slide_duration&quot;:5000,&quot;background_slideshow_slide_transition&quot;:&quot;fade&quot;,&quot;background_slideshow_transition_duration&quot;:500,&quot;_ha_eqh_enable&quot;:false}\">\n\t\t\t\t\t<div class=\"e-con-inner\">\n\t\t<div class=\"elementor-element elementor-element-da6e1b5 e-con-full e-flex e-con e-child\" data-id=\"da6e1b5\" data-element_type=\"container\" data-e-type=\"container\" data-settings=\"{&quot;_ha_eqh_enable&quot;:false}\">\n\t\t\t\t<div class=\"elementor-element elementor-element-1077bb0 elementor-widget-mobile__width-initial elementor-widget elementor-widget-heading\" data-id=\"1077bb0\" data-element_type=\"widget\" data-e-type=\"widget\" data-widget_type=\"heading.default\">\n\t\t\t\t<div class=\"elementor-widget-container\">\n\t\t\t\t\t<h2 class=\"elementor-heading-title elementor-size-default\">Quem Somos<\/h2>\t\t\t\t<\/div>\n\t\t\t\t<\/div>\n\t\t\t\t<div class=\"elementor-element elementor-element-68d66f6 elementor-widget__width-initial elementor-widget-mobile__width-initial elementor-widget elementor-widget-text-editor\" data-id=\"68d66f6\" data-element_type=\"widget\" data-e-type=\"widget\" data-widget_type=\"text-editor.default\">\n\t\t\t\t<div class=\"elementor-widget-container\">\n\t\t\t\t\t\t\t\t\t<p>Conhe\u00e7a nossa empresa<\/p>\t\t\t\t\t\t\t\t<\/div>\n\t\t\t\t<\/div>\n\t\t\t\t<div class=\"elementor-element elementor-element-d76b22a elementor-widget elementor-widget-button\" data-id=\"d76b22a\" data-element_type=\"widget\" data-e-type=\"widget\" data-widget_type=\"button.default\">\n\t\t\t\t<div class=\"elementor-widget-container\">\n\t\t\t\t\t\t\t\t\t<div class=\"elementor-button-wrapper\">\n\t\t\t\t\t<a class=\"elementor-button elementor-button-link elementor-size-sm\" href=\"#\">\n\t\t\t\t\t\t<span class=\"elementor-button-content-wrapper\">\n\t\t\t\t\t\t\t\t\t<span class=\"elementor-button-text\">CONTATO<\/span>\n\t\t\t\t\t<\/span>\n\t\t\t\t\t<\/a>\n\t\t\t\t<\/div>\n\t\t\t\t\t\t\t\t<\/div>\n\t\t\t\t<\/div>\n\t\t\t\t<\/div>\n\t\t\t\t\t<\/div>\n\t\t\t\t<\/div>\n\t\t<div class=\"elementor-element elementor-element-c053d6a e-flex e-con-boxed e-con e-parent\" data-id=\"c053d6a\" data-element_type=\"container\" data-e-type=\"container\" data-settings=\"{&quot;_ha_eqh_enable&quot;:false}\">\n\t\t\t\t\t<div class=\"e-con-inner\">\n\t\t<div class=\"elementor-element elementor-element-847ccff e-con-full e-flex e-con e-child\" data-id=\"847ccff\" data-element_type=\"container\" data-e-type=\"container\" data-settings=\"{&quot;_ha_eqh_enable&quot;:false}\">\n\t\t\t\t<div class=\"elementor-element elementor-element-9e448f0 elementor-position-inline-start elementor-mobile-position-inline-start elementor-widget__width-initial elementor-view-default elementor-widget elementor-widget-icon-box\" data-id=\"9e448f0\" data-element_type=\"widget\" data-e-type=\"widget\" data-widget_type=\"icon-box.default\">\n\t\t\t\t<div class=\"elementor-widget-container\">\n\t\t\t\t\t\t\t<div class=\"elementor-icon-box-wrapper\">\n\n\t\t\t\t\t\t<div class=\"elementor-icon-box-icon\">\n\t\t\t\t<a href=\"http:\/\/prosegengenharia.com\/?p=932\" class=\"elementor-icon\" tabindex=\"-1\" aria-label=\"Valores\">\n\t\t\t\t<svg aria-hidden=\"true\" class=\"e-font-icon-svg e-fas-balance-scale\" viewBox=\"0 0 640 512\" xmlns=\"http:\/\/www.w3.org\/2000\/svg\"><path d=\"M256 336h-.02c0-16.18 1.34-8.73-85.05-181.51-17.65-35.29-68.19-35.36-85.87 0C-2.06 328.75.02 320.33.02 336H0c0 44.18 57.31 80 128 80s128-35.82 128-80zM128 176l72 144H56l72-144zm511.98 160c0-16.18 1.34-8.73-85.05-181.51-17.65-35.29-68.19-35.36-85.87 0-87.12 174.26-85.04 165.84-85.04 181.51H384c0 44.18 57.31 80 128 80s128-35.82 128-80h-.02zM440 320l72-144 72 144H440zm88 128H352V153.25c23.51-10.29 41.16-31.48 46.39-57.25H528c8.84 0 16-7.16 16-16V48c0-8.84-7.16-16-16-16H383.64C369.04 12.68 346.09 0 320 0s-49.04 12.68-63.64 32H112c-8.84 0-16 7.16-16 16v32c0 8.84 7.16 16 16 16h129.61c5.23 25.76 22.87 46.96 46.39 57.25V448H112c-8.84 0-16 7.16-16 16v32c0 8.84 7.16 16 16 16h416c8.84 0 16-7.16 16-16v-32c0-8.84-7.16-16-16-16z\"><\/path><\/svg>\t\t\t\t<\/a>\n\t\t\t<\/div>\n\t\t\t\n\t\t\t\t\t\t<div class=\"elementor-icon-box-content\">\n\n\t\t\t\t\t\t\t\t\t<h3 class=\"elementor-icon-box-title\">\n\t\t\t\t\t\t<a href=\"http:\/\/prosegengenharia.com\/?p=932\" >\n\t\t\t\t\t\t\tValores\t\t\t\t\t\t<\/a>\n\t\t\t\t\t<\/h3>\n\t\t\t\t\n\t\t\t\t\t\t\t\t\t<p class=\"elementor-icon-box-description\">\n\t\t\t\t\t\tConscientizar a sociedade sobre a import\u00e2ncia de prevenir danos causados por inc\u00eandio e desenvolver projetos com excel\u00eancia atendendo as necessidades especificas de cada cliente.\t\t\t\t\t<\/p>\n\t\t\t\t\n\t\t\t<\/div>\n\t\t\t\n\t\t<\/div>\n\t\t\t\t\t\t<\/div>\n\t\t\t\t<\/div>\n\t\t\t\t<\/div>\n\t\t<div class=\"elementor-element elementor-element-1f2abcd e-con-full e-flex e-con e-child\" data-id=\"1f2abcd\" data-element_type=\"container\" data-e-type=\"container\" data-settings=\"{&quot;_ha_eqh_enable&quot;:false}\">\n\t\t\t\t<div class=\"elementor-element elementor-element-fdc39ce elementor-position-inline-start elementor-mobile-position-inline-start elementor-widget__width-initial elementor-view-default elementor-widget elementor-widget-icon-box\" data-id=\"fdc39ce\" data-element_type=\"widget\" data-e-type=\"widget\" data-widget_type=\"icon-box.default\">\n\t\t\t\t<div class=\"elementor-widget-container\">\n\t\t\t\t\t\t\t<div class=\"elementor-icon-box-wrapper\">\n\n\t\t\t\t\t\t<div class=\"elementor-icon-box-icon\">\n\t\t\t\t<a href=\"http:\/\/prosegengenharia.com\/?p=858\" class=\"elementor-icon\" tabindex=\"-1\" aria-label=\"Vis\u00e3o\">\n\t\t\t\t<svg aria-hidden=\"true\" class=\"e-font-icon-svg e-far-eye\" viewBox=\"0 0 576 512\" xmlns=\"http:\/\/www.w3.org\/2000\/svg\"><path d=\"M288 144a110.94 110.94 0 0 0-31.24 5 55.4 55.4 0 0 1 7.24 27 56 56 0 0 1-56 56 55.4 55.4 0 0 1-27-7.24A111.71 111.71 0 1 0 288 144zm284.52 97.4C518.29 135.59 410.93 64 288 64S57.68 135.64 3.48 241.41a32.35 32.35 0 0 0 0 29.19C57.71 376.41 165.07 448 288 448s230.32-71.64 284.52-177.41a32.35 32.35 0 0 0 0-29.19zM288 400c-98.65 0-189.09-55-237.93-144C98.91 167 189.34 112 288 112s189.09 55 237.93 144C477.1 345 386.66 400 288 400z\"><\/path><\/svg>\t\t\t\t<\/a>\n\t\t\t<\/div>\n\t\t\t\n\t\t\t\t\t\t<div class=\"elementor-icon-box-content\">\n\n\t\t\t\t\t\t\t\t\t<h3 class=\"elementor-icon-box-title\">\n\t\t\t\t\t\t<a href=\"http:\/\/prosegengenharia.com\/?p=858\" >\n\t\t\t\t\t\t\tVis\u00e3o\t\t\t\t\t\t<\/a>\n\t\t\t\t\t<\/h3>\n\t\t\t\t\n\t\t\t\t\t\t\t\t\t<p class=\"elementor-icon-box-description\">\n\t\t\t\t\t\tSer reconhecida como a melhor empresa de presta\u00e7\u00e3o de servi\u00e7os em preven\u00e7\u00e3o e combate a inc\u00eandio de edif\u00edcios comerciais e industriais.\t\t\t\t\t<\/p>\n\t\t\t\t\n\t\t\t<\/div>\n\t\t\t\n\t\t<\/div>\n\t\t\t\t\t\t<\/div>\n\t\t\t\t<\/div>\n\t\t\t\t<\/div>\n\t\t<div class=\"elementor-element elementor-element-76b96ac e-con-full e-flex e-con e-child\" data-id=\"76b96ac\" data-element_type=\"container\" data-e-type=\"container\" data-settings=\"{&quot;_ha_eqh_enable&quot;:false}\">\n\t\t\t\t<div class=\"elementor-element elementor-element-11c1185 elementor-position-inline-start elementor-mobile-position-inline-start elementor-widget__width-initial elementor-view-default elementor-widget elementor-widget-icon-box\" data-id=\"11c1185\" data-element_type=\"widget\" data-e-type=\"widget\" data-widget_type=\"icon-box.default\">\n\t\t\t\t<div class=\"elementor-widget-container\">\n\t\t\t\t\t\t\t<div class=\"elementor-icon-box-wrapper\">\n\n\t\t\t\t\t\t<div class=\"elementor-icon-box-icon\">\n\t\t\t\t<a href=\"http:\/\/prosegengenharia.com\/?page_id=828\" class=\"elementor-icon\" tabindex=\"-1\" aria-label=\"Miss\u00e3o\">\n\t\t\t\t<i aria-hidden=\"true\" class=\"huge huge-target-02\"><\/i>\t\t\t\t<\/a>\n\t\t\t<\/div>\n\t\t\t\n\t\t\t\t\t\t<div class=\"elementor-icon-box-content\">\n\n\t\t\t\t\t\t\t\t\t<h3 class=\"elementor-icon-box-title\">\n\t\t\t\t\t\t<a href=\"http:\/\/prosegengenharia.com\/?page_id=828\" >\n\t\t\t\t\t\t\tMiss\u00e3o\t\t\t\t\t\t<\/a>\n\t\t\t\t\t<\/h3>\n\t\t\t\t\n\t\t\t\t\t\t\t\t\t<p class=\"elementor-icon-box-description\">\n\t\t\t\t\t\tConscientizar a sociedade sobre a import\u00e2ncia de prevenir danos causados por inc\u00eandio e desenvolver projetos com excel\u00eancia atendendo as necessidades especificas de cada cliente.\t\t\t\t\t<\/p>\n\t\t\t\t\n\t\t\t<\/div>\n\t\t\t\n\t\t<\/div>\n\t\t\t\t\t\t<\/div>\n\t\t\t\t<\/div>\n\t\t\t\t<\/div>\n\t\t\t\t\t<\/div>\n\t\t\t\t<\/div>\n\t\t<div class=\"elementor-element elementor-element-d9c4a16 e-flex e-con-boxed e-con e-parent\" data-id=\"d9c4a16\" data-element_type=\"container\" data-e-type=\"container\" data-settings=\"{&quot;_ha_eqh_enable&quot;:false}\">\n\t\t\t\t\t<div class=\"e-con-inner\">\n\t\t\t\t<div class=\"elementor-element elementor-element-777a7ec elementor-widget__width-initial elementor-widget-mobile__width-initial elementor-widget elementor-widget-image\" data-id=\"777a7ec\" data-element_type=\"widget\" data-e-type=\"widget\" data-widget_type=\"image.default\">\n\t\t\t\t<div class=\"elementor-widget-container\">\n\t\t\t\t\t\t\t\t\t\t\t\t\t\t\t<img fetchpriority=\"high\" decoding=\"async\" width=\"679\" height=\"531\" src=\"http:\/\/prosegengenharia.com\/wp-content\/uploads\/2025\/02\/fachada.png\" class=\"attachment-large size-large wp-image-985\" alt=\"\" srcset=\"http:\/\/prosegengenharia.com\/wp-content\/uploads\/2025\/02\/fachada.png 679w, http:\/\/prosegengenharia.com\/wp-content\/uploads\/2025\/02\/fachada-300x235.png 300w, http:\/\/prosegengenharia.com\/wp-content\/uploads\/2025\/02\/fachada-600x469.png 600w, http:\/\/prosegengenharia.com\/wp-content\/uploads\/2025\/02\/fachada-64x50.png 64w\" sizes=\"(max-width: 679px) 100vw, 679px\" \/>\t\t\t\t\t\t\t\t\t\t\t\t\t\t\t<\/div>\n\t\t\t\t<\/div>\n\t\t<div class=\"elementor-element elementor-element-f84854a e-con-full e-flex e-con e-child\" data-id=\"f84854a\" data-element_type=\"container\" data-e-type=\"container\" data-settings=\"{&quot;_ha_eqh_enable&quot;:false}\">\n\t\t\t\t<div class=\"elementor-element elementor-element-3ef2626 elementor-widget-tablet__width-inherit elementor-widget elementor-widget-heading\" data-id=\"3ef2626\" data-element_type=\"widget\" data-e-type=\"widget\" data-widget_type=\"heading.default\">\n\t\t\t\t<div class=\"elementor-widget-container\">\n\t\t\t\t\t<h2 class=\"elementor-heading-title elementor-size-default\">Sobre a empresa<\/h2>\t\t\t\t<\/div>\n\t\t\t\t<\/div>\n\t\t\t\t<div class=\"elementor-element elementor-element-b01883c elementor-widget__width-initial elementor-widget-tablet__width-inherit elementor-widget-mobile__width-inherit elementor-widget elementor-widget-text-editor\" data-id=\"b01883c\" data-element_type=\"widget\" data-e-type=\"widget\" data-widget_type=\"text-editor.default\">\n\t\t\t\t<div class=\"elementor-widget-container\">\n\t\t\t\t\t\t\t\t\t<div class=\"wpb_text_column wpb_content_element\"><div class=\"wpb_wrapper\"><div class=\"wpb_text_column wpb_content_element\"><p>Fundada em 2017, a <strong>PROSEG ENGENHARIA<\/strong> \u00e9 uma empresa de engenharia multidisciplinar, especializada em atender diversos segmentos p\u00fablicos e privados nas \u00e1reas de Seguran\u00e7a do Trabalho, Constru\u00e7\u00e3o Civil, Meio Ambiente e El\u00e9trica. Com um escrit\u00f3rio em Conselheiro Lafaiete &#8211; MG, atua em todo o territ\u00f3rio nacional, conforme normas t\u00e9cnicas e leis vigentes em cada estado brasileiro.<\/p><div><div>J\u00e1 atendemos Minas Gerais, S\u00e3o Paulo, Rio de Janeiro, Esp\u00edrito Santo, Cear\u00e1, Pernambuco e Mato Grosso do Sul. Somos especialistas em lidar com diferentes desafios!<\/div><\/div><div><div>\u00a0<\/div><div>\u00a0<\/div><\/div><\/div><\/div><\/div>\t\t\t\t\t\t\t\t<\/div>\n\t\t\t\t<\/div>\n\t\t\t\t<\/div>\n\t\t\t\t\t<\/div>\n\t\t\t\t<\/div>\n\t\t<div class=\"elementor-element elementor-element-8c044f7 e-flex e-con-boxed e-con e-parent\" data-id=\"8c044f7\" data-element_type=\"container\" data-e-type=\"container\" data-settings=\"{&quot;_ha_eqh_enable&quot;:false}\">\n\t\t\t\t\t<div class=\"e-con-inner\">\n\t\t<div class=\"elementor-element elementor-element-7d089a9 e-con-full e-flex e-con e-child\" data-id=\"7d089a9\" data-element_type=\"container\" data-e-type=\"container\" data-settings=\"{&quot;_ha_eqh_enable&quot;:false}\">\n\t\t\t\t<div class=\"elementor-element elementor-element-f899265 elementor-widget-tablet__width-inherit elementor-widget elementor-widget-heading\" data-id=\"f899265\" data-element_type=\"widget\" data-e-type=\"widget\" data-widget_type=\"heading.default\">\n\t\t\t\t<div class=\"elementor-widget-container\">\n\t\t\t\t\t<h2 class=\"elementor-heading-title elementor-size-default\">Servi\u00e7os para a Gest\u00e3o de Seguran\u00e7a<\/h2>\t\t\t\t<\/div>\n\t\t\t\t<\/div>\n\t\t\t\t<div class=\"elementor-element elementor-element-28e7983 elementor-widget__width-initial elementor-widget-tablet__width-inherit elementor-widget-mobile__width-inherit elementor-widget elementor-widget-text-editor\" data-id=\"28e7983\" data-element_type=\"widget\" data-e-type=\"widget\" data-widget_type=\"text-editor.default\">\n\t\t\t\t<div class=\"elementor-widget-container\">\n\t\t\t\t\t\t\t\t\t<div class=\"wpb_text_column wpb_content_element\"><div class=\"wpb_wrapper\"><div class=\"wpb_text_column wpb_content_element\"><p>O trabalho da <strong>PROSEG<\/strong> <strong>ENGENHARIA<\/strong> preza pela prote\u00e7\u00e3o \u00e0 vida, ao patrim\u00f4nio e ao meio ambiente. Temos como base o foco, a responsabilidade e a qualidade extraordin\u00e1ria. Por isso, oferecemos uma variedade de servi\u00e7os que garantem a Gest\u00e3o de Seguran\u00e7a.<\/p><div><div>Al\u00e9m da emiss\u00e3o de laudos de prote\u00e7\u00e3o e demais documenta\u00e7\u00f5es espec\u00edficas, nossas atividades compreendem fornecimento de equipamentos para Combate a Inc\u00eandio e Seguran\u00e7a do Trabalho, auditorias, vistorias, treinamentos, projetos e execu\u00e7\u00f5es de obras que visam certificados de seguran\u00e7a, como o Auto de Vistoria (AVCB) e o Certificado de Licen\u00e7a (CLCB).<\/div><div><div><div>\u00a0<\/div><\/div><\/div><\/div><\/div><\/div><\/div>\t\t\t\t\t\t\t\t<\/div>\n\t\t\t\t<\/div>\n\t\t\t\t<\/div>\n\t\t<div class=\"elementor-element elementor-element-45fb288 e-con-full e-flex e-con e-child\" data-id=\"45fb288\" data-element_type=\"container\" data-e-type=\"container\" data-settings=\"{&quot;_ha_eqh_enable&quot;:false}\">\n\t\t\t\t<div class=\"elementor-element elementor-element-d8be4a9 elementor-widget-tablet__width-inherit elementor-widget elementor-widget-heading\" data-id=\"d8be4a9\" data-element_type=\"widget\" data-e-type=\"widget\" data-widget_type=\"heading.default\">\n\t\t\t\t<div class=\"elementor-widget-container\">\n\t\t\t\t\t<h2 class=\"elementor-heading-title elementor-size-default\">Nosso Diferencial<\/h2>\t\t\t\t<\/div>\n\t\t\t\t<\/div>\n\t\t\t\t<div class=\"elementor-element elementor-element-6586b34 elementor-widget__width-initial elementor-widget-tablet__width-inherit elementor-widget-mobile__width-inherit elementor-widget elementor-widget-text-editor\" data-id=\"6586b34\" data-element_type=\"widget\" data-e-type=\"widget\" data-widget_type=\"text-editor.default\">\n\t\t\t\t<div class=\"elementor-widget-container\">\n\t\t\t\t\t\t\t\t\t<div class=\"wpb_text_column wpb_content_element\"><div class=\"wpb_wrapper\"><div class=\"wpb_text_column wpb_content_element\"><div><div><div><div>Nossa equipe de engenheiros e especialistas em sistemas de preven\u00e7\u00e3o e combate a inc\u00eandio est\u00e3o preparados para orientar e planejar os servi\u00e7os com o melhor custo benef\u00edcio. Oferecemos uma ampla perspectiva dos fatores t\u00e9cnicos e econ\u00f4micos. Do projeto \u00e0 execu\u00e7\u00e3o, alinhamos as necessidades de cada cliente \u00e0s normas e legisla\u00e7\u00e3o\u00a0vigentes, certificando solu\u00e7\u00f5es adequadas.<\/div><div>\u00a0<\/div><\/div><div><div><div>A <strong>PROSEG ENGENHARIA<\/strong> preza pela excel\u00eancia em todo o processo e conta com recursos de ponta para desempenhar sua fun\u00e7\u00e3o com efici\u00eancia e efic\u00e1cia. Investimos em profissionais capacitados, na aquisi\u00e7\u00e3o de novos equipamentos, tecnologias e garantimos qualidade e seguran\u00e7a nos Projetos e Execu\u00e7\u00f5es de Combate a Inc\u00eandio e P\u00e2nico.<\/div><\/div><\/div><div>\u00a0<\/div><\/div><\/div><\/div><\/div><\/div>\t\t\t\t\t\t\t\t<\/div>\n\t\t\t\t<\/div>\n\t\t\t\t<\/div>\n\t\t\t\t\t<\/div>\n\t\t\t\t<\/div>\n\t\t<div class=\"elementor-element elementor-element-5817d20 e-grid e-con-boxed e-con e-parent\" data-id=\"5817d20\" data-element_type=\"container\" data-e-type=\"container\" data-settings=\"{&quot;_ha_eqh_enable&quot;:false}\">\n\t\t\t\t\t<div class=\"e-con-inner\">\n\t\t\t\t<div class=\"elementor-element elementor-element-a8660a8 elementor-position-top elementor-widget elementor-widget-image-box\" data-id=\"a8660a8\" data-element_type=\"widget\" data-e-type=\"widget\" data-widget_type=\"image-box.default\">\n\t\t\t\t<div class=\"elementor-widget-container\">\n\t\t\t\t\t<div class=\"elementor-image-box-wrapper\"><figure class=\"elementor-image-box-img\"><img decoding=\"async\" width=\"150\" height=\"150\" src=\"http:\/\/prosegengenharia.com\/wp-content\/uploads\/2025\/01\/13180930_115900_GD-150x150.jpg\" class=\"attachment-thumbnail size-thumbnail wp-image-940\" alt=\"\" srcset=\"http:\/\/prosegengenharia.com\/wp-content\/uploads\/2025\/01\/13180930_115900_GD-150x150.jpg 150w, http:\/\/prosegengenharia.com\/wp-content\/uploads\/2025\/01\/13180930_115900_GD-300x300.jpg 300w, http:\/\/prosegengenharia.com\/wp-content\/uploads\/2025\/01\/13180930_115900_GD-100x100.jpg 100w\" sizes=\"(max-width: 150px) 100vw, 150px\" \/><\/figure><div class=\"elementor-image-box-content\"><h3 class=\"elementor-image-box-title\">Seguran\u00e7a<\/h3><p class=\"elementor-image-box-description\">Projetos de Preven\u00e7\u00e3o Contra Inc\u00eandio e P\u00e2nico \u2013 AVCB, CLCB; \n<br>\n                    Laudos do Sistema de Alarme;\n<br>\n                    Sistema de Prote\u00e7\u00e3o contra Descargas Atmosf\u00e9ricas \u2013 SPDA;\n<br>\n                    Treinamentos de Brigada de Inc\u00eandio;<\/p><\/div><\/div>\t\t\t\t<\/div>\n\t\t\t\t<\/div>\n\t\t\t\t<div class=\"elementor-element elementor-element-bb158ea elementor-position-top elementor-widget elementor-widget-image-box\" data-id=\"bb158ea\" data-element_type=\"widget\" data-e-type=\"widget\" data-widget_type=\"image-box.default\">\n\t\t\t\t<div class=\"elementor-widget-container\">\n\t\t\t\t\t<div class=\"elementor-image-box-wrapper\"><figure class=\"elementor-image-box-img\"><img decoding=\"async\" width=\"150\" height=\"150\" src=\"http:\/\/prosegengenharia.com\/wp-content\/uploads\/2025\/02\/engambiental2-150x150.webp\" class=\"attachment-thumbnail size-thumbnail wp-image-998\" alt=\"\" srcset=\"http:\/\/prosegengenharia.com\/wp-content\/uploads\/2025\/02\/engambiental2-150x150.webp 150w, http:\/\/prosegengenharia.com\/wp-content\/uploads\/2025\/02\/engambiental2-300x300.webp 300w, http:\/\/prosegengenharia.com\/wp-content\/uploads\/2025\/02\/engambiental2-100x100.webp 100w\" sizes=\"(max-width: 150px) 100vw, 150px\" \/><\/figure><div class=\"elementor-image-box-content\"><h3 class=\"elementor-image-box-title\">Ambiental<\/h3><p class=\"elementor-image-box-description\">Programa de Preven\u00e7\u00e3o de Riscos Ambientais \u2013 PPRA;\n<br>\nPrograma de Controle M\u00e9dico e Sa\u00fade Ocupacional \u2013 PCMSO;\n<br>\nPrograma de Conserva\u00e7\u00e3o Auditiva \u2013 PCA;<\/p><\/div><\/div>\t\t\t\t<\/div>\n\t\t\t\t<\/div>\n\t\t\t\t<div class=\"elementor-element elementor-element-4f8eb09 elementor-position-top elementor-widget elementor-widget-image-box\" data-id=\"4f8eb09\" data-element_type=\"widget\" data-e-type=\"widget\" data-widget_type=\"image-box.default\">\n\t\t\t\t<div class=\"elementor-widget-container\">\n\t\t\t\t\t<div class=\"elementor-image-box-wrapper\"><figure class=\"elementor-image-box-img\"><img loading=\"lazy\" decoding=\"async\" width=\"150\" height=\"150\" src=\"http:\/\/prosegengenharia.com\/wp-content\/uploads\/2024\/12\/sobreobra-150x150.webp\" class=\"attachment-thumbnail size-thumbnail wp-image-462\" alt=\"\" srcset=\"http:\/\/prosegengenharia.com\/wp-content\/uploads\/2024\/12\/sobreobra-150x150.webp 150w, http:\/\/prosegengenharia.com\/wp-content\/uploads\/2024\/12\/sobreobra-300x300.webp 300w, http:\/\/prosegengenharia.com\/wp-content\/uploads\/2024\/12\/sobreobra-100x100.webp 100w\" sizes=\"(max-width: 150px) 100vw, 150px\" \/><\/figure><div class=\"elementor-image-box-content\"><h3 class=\"elementor-image-box-title\">Arquitetura e Urbanismo<\/h3><p class=\"elementor-image-box-description\">Projetos arquitet\u00f4nicos (b\u00e1sico e executivo); \n<br>\nProjetos e execu\u00e7\u00f5es de paisagismo, implanta\u00e7\u00f5es de layout, reurbaniza\u00e7\u00e3o;<br>\nExecu\u00e7\u00f5es de anteprojetos;<br>\n                Pisos, forros, alvenarias, pavimenta\u00e7\u00f5es, revestimentos, impermeabiliza\u00e7\u00e3o, coberturas,\n                      pinturas, texturas;<br>\n                    Carpintaria, marcenaria, serralheria e vidra\u00e7aria;<\/p><\/div><\/div>\t\t\t\t<\/div>\n\t\t\t\t<\/div>\n\t\t\t\t<div class=\"elementor-element elementor-element-7897cf0 elementor-position-top elementor-widget elementor-widget-image-box\" data-id=\"7897cf0\" data-element_type=\"widget\" data-e-type=\"widget\" data-widget_type=\"image-box.default\">\n\t\t\t\t<div class=\"elementor-widget-container\">\n\t\t\t\t\t<div class=\"elementor-image-box-wrapper\"><figure class=\"elementor-image-box-img\"><img loading=\"lazy\" decoding=\"async\" width=\"150\" height=\"150\" src=\"http:\/\/prosegengenharia.com\/wp-content\/uploads\/2025\/02\/projetoobra-150x150.webp\" class=\"attachment-thumbnail size-thumbnail wp-image-999\" alt=\"\" srcset=\"http:\/\/prosegengenharia.com\/wp-content\/uploads\/2025\/02\/projetoobra-150x150.webp 150w, http:\/\/prosegengenharia.com\/wp-content\/uploads\/2025\/02\/projetoobra-300x300.webp 300w, http:\/\/prosegengenharia.com\/wp-content\/uploads\/2025\/02\/projetoobra-100x100.webp 100w\" sizes=\"(max-width: 150px) 100vw, 150px\" \/><\/figure><div class=\"elementor-image-box-content\"><h3 class=\"elementor-image-box-title\">Constru\u00e7\u00e3o Civil<\/h3><p class=\"elementor-image-box-description\">Projetos e execu\u00e7\u00f5es de obras, reformas e demoli\u00e7\u00f5es; \n<br>\nGerenciamento de empreendimentos;\n<br>\nInstala\u00e7\u00f5es hidr\u00e1ulicas, sanit\u00e1rias e pluviais;\n<br>\nAvalia\u00e7\u00e3o de terrenos, terraplanagens, funda\u00e7\u00f5es e estruturas;\n<br>\nLaudos t\u00e9cnicos, per\u00edcias e anomalias em\n                      edifica\u00e7\u00f5es;<\/p><\/div><\/div>\t\t\t\t<\/div>\n\t\t\t\t<\/div>\n\t\t\t\t<div class=\"elementor-element elementor-element-9501b52 elementor-position-top elementor-widget elementor-widget-image-box\" data-id=\"9501b52\" data-element_type=\"widget\" data-e-type=\"widget\" data-widget_type=\"image-box.default\">\n\t\t\t\t<div class=\"elementor-widget-container\">\n\t\t\t\t\t<div class=\"elementor-image-box-wrapper\"><figure class=\"elementor-image-box-img\"><img loading=\"lazy\" decoding=\"async\" width=\"150\" height=\"150\" src=\"http:\/\/prosegengenharia.com\/wp-content\/uploads\/2025\/02\/eletricista-150x150.webp\" class=\"attachment-thumbnail size-thumbnail wp-image-1000\" alt=\"\" srcset=\"http:\/\/prosegengenharia.com\/wp-content\/uploads\/2025\/02\/eletricista-150x150.webp 150w, http:\/\/prosegengenharia.com\/wp-content\/uploads\/2025\/02\/eletricista-300x300.webp 300w, http:\/\/prosegengenharia.com\/wp-content\/uploads\/2025\/02\/eletricista-100x100.webp 100w\" sizes=\"(max-width: 150px) 100vw, 150px\" \/><\/figure><div class=\"elementor-image-box-content\"><h3 class=\"elementor-image-box-title\">El\u00e9trica<\/h3><p class=\"elementor-image-box-description\">Projetos e instala\u00e7\u00f5es El\u00e9tricas, Fibra \u00d3tica, Telefonia, Inform\u00e1tica e Sistemas de Alarme;\n<br>\nEquipamentos Industriais;\n<br>\nMontagem e instala\u00e7\u00f5es de pain\u00e9is digitalizados de comando, controle e prote\u00e7\u00e3o, pain\u00e9is de servi\u00e7os Auxiliares CA e CC e Quadros de For\u00e7a;\n          <br>\nLaudos e per\u00edcias t\u00e9cnicas;<\/p><\/div><\/div>\t\t\t\t<\/div>\n\t\t\t\t<\/div>\n\t\t\t\t\t<\/div>\n\t\t\t\t<\/div>\n\t\t\t\t<\/div>\n\t\t","protected":false},"excerpt":{"rendered":"<p>Quem Somos Conhe\u00e7a nossa empresa CONTATO Valores Conscientizar a sociedade sobre a import\u00e2ncia de prevenir danos causados por inc\u00eandio e desenvolver projetos com excel\u00eancia atendendo as necessidades especificas de cada cliente. Vis\u00e3o Ser reconhecida como a melhor empresa de presta\u00e7\u00e3o de servi\u00e7os em preven\u00e7\u00e3o e combate a inc\u00eandio de edif\u00edcios comerciais e industriais. Miss\u00e3o Conscientizar [&hellip;]<\/p>\n","protected":false},"author":1,"featured_media":0,"parent":0,"menu_order":0,"comment_status":"closed","ping_status":"closed","template":"","meta":{"footnotes":""},"class_list":["post-828","page","type-page","status-publish","hentry"],"_links":{"self":[{"href":"http:\/\/prosegengenharia.com\/index.php?rest_route=\/wp\/v2\/pages\/828","targetHints":{"allow":["GET"]}}],"collection":[{"href":"http:\/\/prosegengenharia.com\/index.php?rest_route=\/wp\/v2\/pages"}],"about":[{"href":"http:\/\/prosegengenharia.com\/index.php?rest_route=\/wp\/v2\/types\/page"}],"author":[{"embeddable":true,"href":"http:\/\/prosegengenharia.com\/index.php?rest_route=\/wp\/v2\/users\/1"}],"replies":[{"embeddable":true,"href":"http:\/\/prosegengenharia.com\/index.php?rest_route=%2Fwp%2Fv2%2Fcomments&post=828"}],"version-history":[{"count":13,"href":"http:\/\/prosegengenharia.com\/index.php?rest_route=\/wp\/v2\/pages\/828\/revisions"}],"predecessor-version":[{"id":1003,"href":"http:\/\/prosegengenharia.com\/index.php?rest_route=\/wp\/v2\/pages\/828\/revisions\/1003"}],"wp:attachment":[{"href":"http:\/\/prosegengenharia.com\/index.php?rest_route=%2Fwp%2Fv2%2Fmedia&parent=828"}],"curies":[{"name":"wp","href":"https:\/\/api.w.org\/{rel}","templated":true}]}}